{"id":6527,"date":"2021-10-26T17:31:10","date_gmt":"2021-10-26T21:31:10","guid":{"rendered":"https:\/\/shaininstage.wpengine.com\/mentions-legales\/"},"modified":"2023-12-25T13:40:37","modified_gmt":"2023-12-25T17:40:37","slug":"mentions-legales","status":"publish","type":"page","link":"https:\/\/shainin.com\/fr\/mentions-legales\/","title":{"rendered":"Mentions l\u00e9gales"},"content":{"rendered":"\t\t<div data-elementor-type=\"wp-page\" data-elementor-id=\"6527\" class=\"elementor elementor-6527 elementor-3121\" data-elementor-post-type=\"page\">\n\t\t\t\t\t\t<section class=\"elementor-section elementor-top-section elementor-element elementor-element-8bf320a elementor-section-full_width elementor-section-content-middle elementor-section-stretched elementor-section-height-default elementor-section-height-default\" data-id=\"8bf320a\" data-element_type=\"section\" data-e-type=\"section\" data-settings=\"{&quot;stretch_section&quot;:&quot;section-stretched&quot;,&quot;background_background&quot;:&quot;classic&quot;}\">\n\t\t\t\t\t\t<div class=\"elementor-container elementor-column-gap-default\">\n\t\t\t\t\t<div class=\"elementor-column elementor-col-100 elementor-top-column elementor-element elementor-element-49dde2b\" data-id=\"49dde2b\" data-element_type=\"column\" data-e-type=\"column\">\n\t\t\t<div class=\"elementor-widget-wrap elementor-element-populated\">\n\t\t\t\t\t\t<div class=\"elementor-element elementor-element-aecfb67 elementor-widget elementor-widget-heading\" data-id=\"aecfb67\" data-element_type=\"widget\" data-e-type=\"widget\" data-widget_type=\"heading.default\">\n\t\t\t\t<div class=\"elementor-widget-container\">\n\t\t\t\t\t<h2 class=\"elementor-heading-title elementor-size-default\">Informations juridiques<\/h2>\t\t\t\t<\/div>\n\t\t\t\t<\/div>\n\t\t\t\t<div class=\"elementor-element elementor-element-225c4f1 elementor-widget elementor-widget-heading\" data-id=\"225c4f1\" data-element_type=\"widget\" data-e-type=\"widget\" data-widget_type=\"heading.default\">\n\t\t\t\t<div class=\"elementor-widget-container\">\n\t\t\t\t\t<h1 class=\"elementor-heading-title elementor-size-default\">Mentions l\u00e9gales<\/h1>\t\t\t\t<\/div>\n\t\t\t\t<\/div>\n\t\t\t\t<div class=\"elementor-element elementor-element-295383e elementor-widget-divider--view-line elementor-widget elementor-widget-divider\" data-id=\"295383e\" data-element_type=\"widget\" data-e-type=\"widget\" data-widget_type=\"divider.default\">\n\t\t\t\t<div class=\"elementor-widget-container\">\n\t\t\t\t\t\t\t<div class=\"elementor-divider\">\n\t\t\t<span class=\"elementor-divider-separator\">\n\t\t\t\t\t\t<\/span>\n\t\t<\/div>\n\t\t\t\t\t\t<\/div>\n\t\t\t\t<\/div>\n\t\t\t\t\t<\/div>\n\t\t<\/div>\n\t\t\t\t\t<\/div>\n\t\t<\/section>\n\t\t\t\t<section class=\"elementor-section elementor-top-section elementor-element elementor-element-70f1c7ad elementor-section-boxed elementor-section-height-default elementor-section-height-default\" data-id=\"70f1c7ad\" data-element_type=\"section\" data-e-type=\"section\">\n\t\t\t\t\t\t<div class=\"elementor-container elementor-column-gap-default\">\n\t\t\t\t\t<div class=\"elementor-column elementor-col-100 elementor-top-column elementor-element elementor-element-4b011121\" data-id=\"4b011121\" data-element_type=\"column\" data-e-type=\"column\">\n\t\t\t<div class=\"elementor-widget-wrap elementor-element-populated\">\n\t\t\t\t\t\t<div class=\"elementor-element elementor-element-0072a29 elementor-widget elementor-widget-heading\" data-id=\"0072a29\" data-element_type=\"widget\" data-e-type=\"widget\" data-widget_type=\"heading.default\">\n\t\t\t\t<div class=\"elementor-widget-container\">\n\t\t\t\t\t<h3 class=\"elementor-heading-title elementor-size-default\">Mentions l\u00e9gales<\/h3>\t\t\t\t<\/div>\n\t\t\t\t<\/div>\n\t\t\t\t<div class=\"elementor-element elementor-element-56a346de elementor-widget elementor-widget-text-editor\" data-id=\"56a346de\" data-element_type=\"widget\" data-e-type=\"widget\" data-widget_type=\"text-editor.default\">\n\t\t\t\t<div class=\"elementor-widget-container\">\n\t\t\t\t\t\t\t\t\t<p><\/p>\n<p>Shainin the Red X Company<br>41820 Six Mile Road<br>Suite 103<br>Northville, Mi 48168<br>USA<br>T\u00e9l\u00e9phone : +1 (248) 344-2020<br>Site web : <a href=\"https:\/\/www.shainin.com\/\">www.shainin.com<\/a><br>Courriel : <a href=\"mailto:info@shainin.com\">info@shainin.com<\/a><\/p>\n<p><\/p>\t\t\t\t\t\t\t\t<\/div>\n\t\t\t\t<\/div>\n\t\t\t\t<div class=\"elementor-element elementor-element-0782d87 elementor-widget elementor-widget-heading\" data-id=\"0782d87\" data-element_type=\"widget\" data-e-type=\"widget\" data-widget_type=\"heading.default\">\n\t\t\t\t<div class=\"elementor-widget-container\">\n\t\t\t\t\t<h3 class=\"elementor-heading-title elementor-size-default\">Clause de non-responsabilit\u00e9<\/h3>\t\t\t\t<\/div>\n\t\t\t\t<\/div>\n\t\t\t\t<div class=\"elementor-element elementor-element-e11eec2 elementor-widget elementor-widget-heading\" data-id=\"e11eec2\" data-element_type=\"widget\" data-e-type=\"widget\" data-widget_type=\"heading.default\">\n\t\t\t\t<div class=\"elementor-widget-container\">\n\t\t\t\t\t<h4 class=\"elementor-heading-title elementor-size-default\">1. Contenu<\/h4>\t\t\t\t<\/div>\n\t\t\t\t<\/div>\n\t\t\t\t<div class=\"elementor-element elementor-element-6ca36a4 elementor-widget elementor-widget-text-editor\" data-id=\"6ca36a4\" data-element_type=\"widget\" data-e-type=\"widget\" data-widget_type=\"text-editor.default\">\n\t\t\t\t<div class=\"elementor-widget-container\">\n\t\t\t\t\t\t\t\t\t\n<p>La soci\u00e9t\u00e9 Shainin the Red X se r\u00e9serve le droit de ne pas \u00eatre responsable de l&rsquo;actualit\u00e9, de l&rsquo;exactitude, de l&rsquo;exhaustivit\u00e9 ou de la qualit\u00e9 des informations fournies. Les demandes de responsabilit\u00e9 concernant les dommages caus\u00e9s par l&rsquo;utilisation de toute information fournie, y compris tout type d&rsquo;information incompl\u00e8te ou incorrecte, seront donc rejet\u00e9es. Toutes les offres sont sans engagement et sans obligation. Des parties de pages ou l&rsquo;ensemble de la publication, y compris toutes les offres et informations, peuvent \u00eatre \u00e9tendues, modifi\u00e9es ou partiellement ou totalement supprim\u00e9es par la soci\u00e9t\u00e9 Shainin the Red X Company sans annonce pr\u00e9alable.<\/p>\n\t\t\t\t\t\t\t\t<\/div>\n\t\t\t\t<\/div>\n\t\t\t\t<div class=\"elementor-element elementor-element-d0d876f elementor-widget elementor-widget-heading\" data-id=\"d0d876f\" data-element_type=\"widget\" data-e-type=\"widget\" data-widget_type=\"heading.default\">\n\t\t\t\t<div class=\"elementor-widget-container\">\n\t\t\t\t\t<h4 class=\"elementor-heading-title elementor-size-default\">2. R\u00e9f\u00e9rences et liens<\/h4>\t\t\t\t<\/div>\n\t\t\t\t<\/div>\n\t\t\t\t<div class=\"elementor-element elementor-element-b1f75e0 elementor-widget elementor-widget-text-editor\" data-id=\"b1f75e0\" data-element_type=\"widget\" data-e-type=\"widget\" data-widget_type=\"text-editor.default\">\n\t\t\t\t<div class=\"elementor-widget-container\">\n\t\t\t\t\t\t\t\t\t\n<p>La soci\u00e9t\u00e9 Shainin the Red X Company n&rsquo;est pas responsable des contenus li\u00e9s ou r\u00e9f\u00e9renc\u00e9s \u00e0 partir de ses pages &#8211; \u00e0 moins qu&rsquo;elle n&rsquo;ait une connaissance totale des contenus ill\u00e9gaux et qu&rsquo;elle soit en mesure d&#8217;emp\u00eacher les visiteurs de son site de consulter ces pages. Si un dommage survient \u00e0 la suite de l&rsquo;utilisation des informations qui y sont pr\u00e9sent\u00e9es, seule la soci\u00e9t\u00e9 Shainin the Red X Company des pages concern\u00e9es peut \u00eatre tenue pour responsable, et non celle qui a \u00e9tabli un lien avec ces pages. En outre, Shainin the Red X Company n&rsquo;est pas responsable des messages publi\u00e9s par les utilisateurs des forums de discussion, des livres d&rsquo;or ou des listes de diffusion fournis sur sa page.<\/p>\n\t\t\t\t\t\t\t\t<\/div>\n\t\t\t\t<\/div>\n\t\t\t\t<div class=\"elementor-element elementor-element-c188d76 elementor-widget elementor-widget-heading\" data-id=\"c188d76\" data-element_type=\"widget\" data-e-type=\"widget\" data-widget_type=\"heading.default\">\n\t\t\t\t<div class=\"elementor-widget-container\">\n\t\t\t\t\t<h4 class=\"elementor-heading-title elementor-size-default\">3. Droits d'auteur<\/h4>\t\t\t\t<\/div>\n\t\t\t\t<\/div>\n\t\t\t\t<div class=\"elementor-element elementor-element-2679364 elementor-widget elementor-widget-text-editor\" data-id=\"2679364\" data-element_type=\"widget\" data-e-type=\"widget\" data-widget_type=\"text-editor.default\">\n\t\t\t\t<div class=\"elementor-widget-container\">\n\t\t\t\t\t\t\t\t\t\n<p>La soci\u00e9t\u00e9 Shainin the Red X Company a l&rsquo;intention de ne pas utiliser de mat\u00e9riel prot\u00e9g\u00e9 par des droits d&rsquo;auteur pour la publication ou, si cela n&rsquo;est pas possible, d&rsquo;indiquer les droits d&rsquo;auteur de l&rsquo;objet concern\u00e9. Les droits d&rsquo;auteur de tout mat\u00e9riel cr\u00e9\u00e9 par la soci\u00e9t\u00e9 Shainin the Red X Company sont r\u00e9serv\u00e9s. Toute reproduction ou utilisation d&rsquo;objets tels que des images, des diagrammes, des sons ou des textes dans d&rsquo;autres publications \u00e9lectroniques ou imprim\u00e9es n&rsquo;est pas autoris\u00e9e sans l&rsquo;accord de la soci\u00e9t\u00e9 Shainin the Red X Company. (Jugement du 12 mai 1998 du tribunal r\u00e9gional de Hambourg)<\/p>\n\t\t\t\t\t\t\t\t<\/div>\n\t\t\t\t<\/div>\n\t\t\t\t<div class=\"elementor-element elementor-element-8756679 elementor-widget elementor-widget-heading\" data-id=\"8756679\" data-element_type=\"widget\" data-e-type=\"widget\" data-widget_type=\"heading.default\">\n\t\t\t\t<div class=\"elementor-widget-container\">\n\t\t\t\t\t<h4 class=\"elementor-heading-title elementor-size-default\">4. Politique de protection de la vie priv\u00e9e<\/h4>\t\t\t\t<\/div>\n\t\t\t\t<\/div>\n\t\t\t\t<div class=\"elementor-element elementor-element-9c8d11f elementor-widget elementor-widget-text-editor\" data-id=\"9c8d11f\" data-element_type=\"widget\" data-e-type=\"widget\" data-widget_type=\"text-editor.default\">\n\t\t\t\t<div class=\"elementor-widget-container\">\n\t\t\t\t\t\t\t\t\t\n<p><span class=\"JsGRdQ\">Shainin prend tr\u00e8s au s\u00e9rieux la confidentialit\u00e9 et la protection des donn\u00e9es. Nous conservons les informations personnelles de nos clients en toute s\u00e9curit\u00e9 et dans le strict respect des normes de s\u00e9curit\u00e9 les plus \u00e9lev\u00e9es. Nous ne partageons, ne vendons ou ne donnons jamais acc\u00e8s \u00e0 des donn\u00e9es priv\u00e9es \u00e0 d&rsquo;autres entreprises ou personnes \u00e0 des fins commerciales. Nous n&rsquo;utilisons les informations priv\u00e9es que pour faciliter et g\u00e9rer nos exigences en mati\u00e8re de certification. Si une entreprise demande la confirmation d&rsquo;un statut de certification, nous fournissons ce service, sauf si nous avons re\u00e7u des instructions \u00e9crites de ne pas le faire. Enfin, nous envoyons occasionnellement \u00e0 nos clients des informations concernant des mises \u00e0 jour de logiciels, de nouveaux outils ou techniques Red X, des programmes de formation actualis\u00e9s ou des \u00e9v\u00e9nements sp\u00e9ciaux organis\u00e9s par Shainin.<\/span><\/p>\n\t\t\t\t\t\t\t\t<\/div>\n\t\t\t\t<\/div>\n\t\t\t\t<div class=\"elementor-element elementor-element-47e2a19 elementor-widget elementor-widget-heading\" data-id=\"47e2a19\" data-element_type=\"widget\" data-e-type=\"widget\" data-widget_type=\"heading.default\">\n\t\t\t\t<div class=\"elementor-widget-container\">\n\t\t\t\t\t<h4 class=\"elementor-heading-title elementor-size-default\">5. Validit\u00e9 juridique du pr\u00e9sent avis de non-responsabilit\u00e9<\/h4>\t\t\t\t<\/div>\n\t\t\t\t<\/div>\n\t\t\t\t<div class=\"elementor-element elementor-element-4fe1303 elementor-widget elementor-widget-text-editor\" data-id=\"4fe1303\" data-element_type=\"widget\" data-e-type=\"widget\" data-widget_type=\"text-editor.default\">\n\t\t\t\t<div class=\"elementor-widget-container\">\n\t\t\t\t\t\t\t\t\t\n<p><span class=\"JsGRdQ\">Cette clause de non-responsabilit\u00e9 doit \u00eatre consid\u00e9r\u00e9e comme faisant partie de la publication Internet \u00e0 laquelle vous avez \u00e9t\u00e9 renvoy\u00e9. Si certaines parties ou certains termes de cette d\u00e9claration ne sont pas l\u00e9gaux ou corrects, le contenu et la validit\u00e9 des autres parties n&rsquo;en sont pas affect\u00e9s.<\/span><\/p>\n\t\t\t\t\t\t\t\t<\/div>\n\t\t\t\t<\/div>\n\t\t\t\t\t<\/div>\n\t\t<\/div>\n\t\t\t\t\t<\/div>\n\t\t<\/section>\n\t\t\t\t<\/div>\n\t\t","protected":false},"excerpt":{"rendered":"<p>Informations juridiques Mentions l\u00e9gales Mentions l\u00e9gales Shainin the Red X Company41820 Six Mile RoadSuite 103Northville, Mi 48168USAT\u00e9l\u00e9phone : +1 (248) 344-2020Site web : www.shainin.comCourriel : info@shainin.com Clause de non-responsabilit\u00e9 1. Contenu La soci\u00e9t\u00e9 Shainin the Red X se r\u00e9serve le droit de ne pas \u00eatre responsable de l&rsquo;actualit\u00e9, de l&rsquo;exactitude, de l&rsquo;exhaustivit\u00e9 ou de la [&hellip;]<\/p>\n","protected":false},"author":1,"featured_media":5083,"parent":0,"menu_order":0,"comment_status":"closed","ping_status":"closed","template":"elementor_header_footer","meta":{"_acf_changed":false,"site-sidebar-layout":"default","site-content-layout":"default","ast-site-content-layout":"default","site-content-style":"default","site-sidebar-style":"default","ast-global-header-display":"","ast-banner-title-visibility":"","ast-main-header-display":"","ast-hfb-above-header-display":"","ast-hfb-below-header-display":"","ast-hfb-mobile-header-display":"","site-post-title":"","ast-breadcrumbs-content":"","ast-featured-img":"disabled","footer-sml-layout":"","ast-disable-related-posts":"","theme-transparent-header-meta":"default","adv-header-id-meta":"","stick-header-meta":"","header-above-stick-meta":"","header-main-stick-meta":"","header-below-stick-meta":"","astra-migrate-meta-layouts":"default","ast-page-background-enabled":"default","ast-page-background-meta":{"desktop":{"background-color":"","background-image":"","background-repeat":"repeat","background-position":"center center","background-size":"auto","background-attachment":"scroll","background-type":"","background-media":"","overlay-type":"","overlay-color":"","overlay-opacity":"","overlay-gradient":""},"tablet":{"background-color":"","background-image":"","background-repeat":"repeat","background-position":"center center","background-size":"auto","background-attachment":"scroll","background-type":"","background-media":"","overlay-type":"","overlay-color":"","overlay-opacity":"","overlay-gradient":""},"mobile":{"background-color":"","background-image":"","background-repeat":"repeat","background-position":"center center","background-size":"auto","background-attachment":"scroll","background-type":"","background-media":"","overlay-type":"","overlay-color":"","overlay-opacity":"","overlay-gradient":""}},"ast-content-background-meta":{"desktop":{"background-color":"var(--ast-global-color-5)","background-image":"","background-repeat":"repeat","background-position":"center center","background-size":"auto","background-attachment":"scroll","background-type":"","background-media":"","overlay-type":"","overlay-color":"","overlay-opacity":"","overlay-gradient":""},"tablet":{"background-color":"var(--ast-global-color-5)","background-image":"","background-repeat":"repeat","background-position":"center center","background-size":"auto","background-attachment":"scroll","background-type":"","background-media":"","overlay-type":"","overlay-color":"","overlay-opacity":"","overlay-gradient":""},"mobile":{"background-color":"var(--ast-global-color-5)","background-image":"","background-repeat":"repeat","background-position":"center center","background-size":"auto","background-attachment":"scroll","background-type":"","background-media":"","overlay-type":"","overlay-color":"","overlay-opacity":"","overlay-gradient":""}},"footnotes":""},"page-category":[],"class_list":["post-6527","page","type-page","status-publish","has-post-thumbnail","hentry"],"acf":[],"yoast_head":"<!-- This site is optimized with the Yoast SEO plugin v27.3 - https:\/\/yoast.com\/product\/yoast-seo-wordpress\/ -->\n<title>Mentions l\u00e9gales - Shainin LLC<\/title>\n<meta name=\"description\" content=\"Shainin LLC Mentions l\u00e9gales\" \/>\n<meta name=\"robots\" content=\"index, follow, max-snippet:-1, max-image-preview:large, max-video-preview:-1\" \/>\n<link rel=\"canonical\" href=\"https:\/\/shainin.com\/fr\/mentions-legales\/\" \/>\n<meta property=\"og:locale\" content=\"fr_FR\" \/>\n<meta property=\"og:type\" content=\"article\" \/>\n<meta property=\"og:title\" content=\"Mentions l\u00e9gales - Shainin LLC\" \/>\n<meta property=\"og:description\" content=\"Shainin LLC Mentions l\u00e9gales\" \/>\n<meta property=\"og:url\" content=\"https:\/\/shainin.com\/fr\/mentions-legales\/\" \/>\n<meta property=\"og:site_name\" content=\"Shainin LLC\" \/>\n<meta property=\"article:modified_time\" content=\"2023-12-25T17:40:37+00:00\" \/>\n<meta property=\"og:image\" content=\"https:\/\/shainin.com\/wp-content\/uploads\/2022\/11\/Shainin-LogoMark-2022_Charcoal.png\" \/>\n\t<meta property=\"og:image:width\" content=\"500\" \/>\n\t<meta property=\"og:image:height\" content=\"500\" \/>\n\t<meta property=\"og:image:type\" content=\"image\/png\" \/>\n<meta name=\"twitter:card\" content=\"summary_large_image\" \/>\n<meta name=\"twitter:label1\" content=\"Dur\u00e9e de lecture estim\u00e9e\" \/>\n\t<meta name=\"twitter:data1\" content=\"3 minutes\" \/>\n<script type=\"application\/ld+json\" class=\"yoast-schema-graph\">{\"@context\":\"https:\\\/\\\/schema.org\",\"@graph\":[{\"@type\":\"WebPage\",\"@id\":\"https:\\\/\\\/shainin.com\\\/fr\\\/mentions-legales\\\/\",\"url\":\"https:\\\/\\\/shainin.com\\\/fr\\\/mentions-legales\\\/\",\"name\":\"Mentions l\u00e9gales - Shainin LLC\",\"isPartOf\":{\"@id\":\"https:\\\/\\\/shainin.com\\\/fr\\\/#website\"},\"primaryImageOfPage\":{\"@id\":\"https:\\\/\\\/shainin.com\\\/fr\\\/mentions-legales\\\/#primaryimage\"},\"image\":{\"@id\":\"https:\\\/\\\/shainin.com\\\/fr\\\/mentions-legales\\\/#primaryimage\"},\"thumbnailUrl\":\"https:\\\/\\\/shainin.com\\\/wp-content\\\/uploads\\\/2022\\\/11\\\/Shainin-LogoMark-2022_Charcoal.png\",\"datePublished\":\"2021-10-26T21:31:10+00:00\",\"dateModified\":\"2023-12-25T17:40:37+00:00\",\"description\":\"Shainin LLC Mentions l\u00e9gales\",\"breadcrumb\":{\"@id\":\"https:\\\/\\\/shainin.com\\\/fr\\\/mentions-legales\\\/#breadcrumb\"},\"inLanguage\":\"fr-FR\",\"potentialAction\":[{\"@type\":\"ReadAction\",\"target\":[\"https:\\\/\\\/shainin.com\\\/fr\\\/mentions-legales\\\/\"]}]},{\"@type\":\"ImageObject\",\"inLanguage\":\"fr-FR\",\"@id\":\"https:\\\/\\\/shainin.com\\\/fr\\\/mentions-legales\\\/#primaryimage\",\"url\":\"https:\\\/\\\/shainin.com\\\/wp-content\\\/uploads\\\/2022\\\/11\\\/Shainin-LogoMark-2022_Charcoal.png\",\"contentUrl\":\"https:\\\/\\\/shainin.com\\\/wp-content\\\/uploads\\\/2022\\\/11\\\/Shainin-LogoMark-2022_Charcoal.png\",\"width\":500,\"height\":500,\"caption\":\"Shainin Logo Pareto in a Hexagon Single Color Display in Charcoal\"},{\"@type\":\"BreadcrumbList\",\"@id\":\"https:\\\/\\\/shainin.com\\\/fr\\\/mentions-legales\\\/#breadcrumb\",\"itemListElement\":[{\"@type\":\"ListItem\",\"position\":1,\"name\":\"Home\",\"item\":\"https:\\\/\\\/shainin.com\\\/fr\\\/\"},{\"@type\":\"ListItem\",\"position\":2,\"name\":\"Mentions l\u00e9gales\"}]},{\"@type\":\"WebSite\",\"@id\":\"https:\\\/\\\/shainin.com\\\/fr\\\/#website\",\"url\":\"https:\\\/\\\/shainin.com\\\/fr\\\/\",\"name\":\"Shainin LLC\",\"description\":\"Problem solved. Results delivered\",\"publisher\":{\"@id\":\"https:\\\/\\\/shainin.com\\\/fr\\\/#organization\"},\"potentialAction\":[{\"@type\":\"SearchAction\",\"target\":{\"@type\":\"EntryPoint\",\"urlTemplate\":\"https:\\\/\\\/shainin.com\\\/fr\\\/?s={search_term_string}\"},\"query-input\":{\"@type\":\"PropertyValueSpecification\",\"valueRequired\":true,\"valueName\":\"search_term_string\"}}],\"inLanguage\":\"fr-FR\"},{\"@type\":\"Organization\",\"@id\":\"https:\\\/\\\/shainin.com\\\/fr\\\/#organization\",\"name\":\"Shainin\",\"url\":\"https:\\\/\\\/shainin.com\\\/fr\\\/\",\"logo\":{\"@type\":\"ImageObject\",\"inLanguage\":\"fr-FR\",\"@id\":\"https:\\\/\\\/shainin.com\\\/fr\\\/#\\\/schema\\\/logo\\\/image\\\/\",\"url\":\"https:\\\/\\\/shainin.com\\\/wp-content\\\/uploads\\\/2021\\\/12\\\/Red-X-Company-Tag-Line_Register-Mark-No-Background.webp\",\"contentUrl\":\"https:\\\/\\\/shainin.com\\\/wp-content\\\/uploads\\\/2021\\\/12\\\/Red-X-Company-Tag-Line_Register-Mark-No-Background.webp\",\"width\":1920,\"height\":1080,\"caption\":\"Shainin\"},\"image\":{\"@id\":\"https:\\\/\\\/shainin.com\\\/fr\\\/#\\\/schema\\\/logo\\\/image\\\/\"}}]}<\/script>\n<!-- \/ Yoast SEO plugin. -->","yoast_head_json":{"title":"Mentions l\u00e9gales - Shainin LLC","description":"Shainin LLC Mentions l\u00e9gales","robots":{"index":"index","follow":"follow","max-snippet":"max-snippet:-1","max-image-preview":"max-image-preview:large","max-video-preview":"max-video-preview:-1"},"canonical":"https:\/\/shainin.com\/fr\/mentions-legales\/","og_locale":"fr_FR","og_type":"article","og_title":"Mentions l\u00e9gales - Shainin LLC","og_description":"Shainin LLC Mentions l\u00e9gales","og_url":"https:\/\/shainin.com\/fr\/mentions-legales\/","og_site_name":"Shainin LLC","article_modified_time":"2023-12-25T17:40:37+00:00","og_image":[{"width":500,"height":500,"url":"https:\/\/shainin.com\/wp-content\/uploads\/2022\/11\/Shainin-LogoMark-2022_Charcoal.png","type":"image\/png"}],"twitter_card":"summary_large_image","twitter_misc":{"Dur\u00e9e de lecture estim\u00e9e":"3 minutes"},"schema":{"@context":"https:\/\/schema.org","@graph":[{"@type":"WebPage","@id":"https:\/\/shainin.com\/fr\/mentions-legales\/","url":"https:\/\/shainin.com\/fr\/mentions-legales\/","name":"Mentions l\u00e9gales - Shainin LLC","isPartOf":{"@id":"https:\/\/shainin.com\/fr\/#website"},"primaryImageOfPage":{"@id":"https:\/\/shainin.com\/fr\/mentions-legales\/#primaryimage"},"image":{"@id":"https:\/\/shainin.com\/fr\/mentions-legales\/#primaryimage"},"thumbnailUrl":"https:\/\/shainin.com\/wp-content\/uploads\/2022\/11\/Shainin-LogoMark-2022_Charcoal.png","datePublished":"2021-10-26T21:31:10+00:00","dateModified":"2023-12-25T17:40:37+00:00","description":"Shainin LLC Mentions l\u00e9gales","breadcrumb":{"@id":"https:\/\/shainin.com\/fr\/mentions-legales\/#breadcrumb"},"inLanguage":"fr-FR","potentialAction":[{"@type":"ReadAction","target":["https:\/\/shainin.com\/fr\/mentions-legales\/"]}]},{"@type":"ImageObject","inLanguage":"fr-FR","@id":"https:\/\/shainin.com\/fr\/mentions-legales\/#primaryimage","url":"https:\/\/shainin.com\/wp-content\/uploads\/2022\/11\/Shainin-LogoMark-2022_Charcoal.png","contentUrl":"https:\/\/shainin.com\/wp-content\/uploads\/2022\/11\/Shainin-LogoMark-2022_Charcoal.png","width":500,"height":500,"caption":"Shainin Logo Pareto in a Hexagon Single Color Display in Charcoal"},{"@type":"BreadcrumbList","@id":"https:\/\/shainin.com\/fr\/mentions-legales\/#breadcrumb","itemListElement":[{"@type":"ListItem","position":1,"name":"Home","item":"https:\/\/shainin.com\/fr\/"},{"@type":"ListItem","position":2,"name":"Mentions l\u00e9gales"}]},{"@type":"WebSite","@id":"https:\/\/shainin.com\/fr\/#website","url":"https:\/\/shainin.com\/fr\/","name":"Shainin LLC","description":"Problem solved. Results delivered","publisher":{"@id":"https:\/\/shainin.com\/fr\/#organization"},"potentialAction":[{"@type":"SearchAction","target":{"@type":"EntryPoint","urlTemplate":"https:\/\/shainin.com\/fr\/?s={search_term_string}"},"query-input":{"@type":"PropertyValueSpecification","valueRequired":true,"valueName":"search_term_string"}}],"inLanguage":"fr-FR"},{"@type":"Organization","@id":"https:\/\/shainin.com\/fr\/#organization","name":"Shainin","url":"https:\/\/shainin.com\/fr\/","logo":{"@type":"ImageObject","inLanguage":"fr-FR","@id":"https:\/\/shainin.com\/fr\/#\/schema\/logo\/image\/","url":"https:\/\/shainin.com\/wp-content\/uploads\/2021\/12\/Red-X-Company-Tag-Line_Register-Mark-No-Background.webp","contentUrl":"https:\/\/shainin.com\/wp-content\/uploads\/2021\/12\/Red-X-Company-Tag-Line_Register-Mark-No-Background.webp","width":1920,"height":1080,"caption":"Shainin"},"image":{"@id":"https:\/\/shainin.com\/fr\/#\/schema\/logo\/image\/"}}]}},"_links":{"self":[{"href":"https:\/\/shainin.com\/fr\/wp-json\/wp\/v2\/pages\/6527","targetHints":{"allow":["GET"]}}],"collection":[{"href":"https:\/\/shainin.com\/fr\/wp-json\/wp\/v2\/pages"}],"about":[{"href":"https:\/\/shainin.com\/fr\/wp-json\/wp\/v2\/types\/page"}],"author":[{"embeddable":true,"href":"https:\/\/shainin.com\/fr\/wp-json\/wp\/v2\/users\/1"}],"replies":[{"embeddable":true,"href":"https:\/\/shainin.com\/fr\/wp-json\/wp\/v2\/comments?post=6527"}],"version-history":[{"count":0,"href":"https:\/\/shainin.com\/fr\/wp-json\/wp\/v2\/pages\/6527\/revisions"}],"wp:featuredmedia":[{"embeddable":true,"href":"https:\/\/shainin.com\/fr\/wp-json\/wp\/v2\/media\/5083"}],"wp:attachment":[{"href":"https:\/\/shainin.com\/fr\/wp-json\/wp\/v2\/media?parent=6527"}],"wp:term":[{"taxonomy":"page-category","embeddable":true,"href":"https:\/\/shainin.com\/fr\/wp-json\/wp\/v2\/page-category?post=6527"}],"curies":[{"name":"wp","href":"https:\/\/api.w.org\/{rel}","templated":true}]}}